{"id":620,"date":"2023-07-08T15:12:57","date_gmt":"2023-07-08T15:12:57","guid":{"rendered":"http:\/\/www.merunt.com\/?page_id=620"},"modified":"2023-07-08T16:48:15","modified_gmt":"2023-07-08T16:48:15","slug":"capacidad-contratada","status":"publish","type":"page","link":"https:\/\/www.merunt.com\/index.php\/capacidad-contratada\/","title":{"rendered":"Capacidad contratada"},"content":{"rendered":"\t\t<div data-elementor-type=\"wp-page\" data-elementor-id=\"620\" class=\"elementor elementor-620\">\n\t\t\t\t\t\t\t<div class=\"elementor-element elementor-element-2dfbbdd e-flex e-con-boxed e-con\" data-id=\"2dfbbdd\" data-element_type=\"container\" data-settings=\"{&quot;content_width&quot;:&quot;boxed&quot;}\">\n\t\t\t\t\t<div class=\"e-con-inner\">\n\t\t\t\t<div class=\"elementor-element elementor-element-6057f4e elementor-widget elementor-widget-heading\" data-id=\"6057f4e\" data-element_type=\"widget\" data-widget_type=\"heading.default\">\n\t\t\t\t<div class=\"elementor-widget-container\">\n\t\t\t<style>\/*! elementor - v3.14.0 - 18-06-2023 *\/\n.elementor-heading-title{padding:0;margin:0;line-height:1}.elementor-widget-heading .elementor-heading-title[class*=elementor-size-]>a{color:inherit;font-size:inherit;line-height:inherit}.elementor-widget-heading .elementor-heading-title.elementor-size-small{font-size:15px}.elementor-widget-heading .elementor-heading-title.elementor-size-medium{font-size:19px}.elementor-widget-heading .elementor-heading-title.elementor-size-large{font-size:29px}.elementor-widget-heading .elementor-heading-title.elementor-size-xl{font-size:39px}.elementor-widget-heading .elementor-heading-title.elementor-size-xxl{font-size:59px}<\/style><h2 class=\"elementor-heading-title elementor-size-default\">\u00bfC\u00f3mo medir correctamente la capacidad contratada?\n<\/h2>\t\t<\/div>\n\t\t\t\t<\/div>\n\t\t\t\t\t<\/div>\n\t\t\t\t<\/div>\n\t\t<div class=\"elementor-element elementor-element-68b5f4a e-flex e-con-boxed e-con\" data-id=\"68b5f4a\" data-element_type=\"container\" data-settings=\"{&quot;content_width&quot;:&quot;boxed&quot;}\">\n\t\t\t\t\t<div class=\"e-con-inner\">\n\t\t\t\t<div class=\"elementor-element elementor-element-44805ce elementor-widget elementor-widget-text-editor\" data-id=\"44805ce\" data-element_type=\"widget\" data-widget_type=\"text-editor.default\">\n\t\t\t\t<div class=\"elementor-widget-container\">\n\t\t\t<style>\/*! elementor - v3.14.0 - 18-06-2023 *\/\n.elementor-widget-text-editor.elementor-drop-cap-view-stacked .elementor-drop-cap{background-color:#69727d;color:#fff}.elementor-widget-text-editor.elementor-drop-cap-view-framed .elementor-drop-cap{color:#69727d;border:3px solid;background-color:transparent}.elementor-widget-text-editor:not(.elementor-drop-cap-view-default) .elementor-drop-cap{margin-top:8px}.elementor-widget-text-editor:not(.elementor-drop-cap-view-default) .elementor-drop-cap-letter{width:1em;height:1em}.elementor-widget-text-editor .elementor-drop-cap{float:left;text-align:center;line-height:1;font-size:50px}.elementor-widget-text-editor .elementor-drop-cap-letter{display:inline-block}<\/style>\t\t\t\t<p>Al realizar una medici\u00f3n de capacidad entregada mediante un servicio satelital debemos tener en cuenta algunas variables.<\/p><p>Seguidamente hacemos un recorrido por los elementos m\u00e1s importantes a considerar para hacer la prueba de velocidad de manera adecuada:<\/p><p>Tener conectado al servicio un solo elemento PC o Laptop.<br \/>Al momento de realizar la medici\u00f3n, conecte directamente un cable UTP al modem (por favor, verificar si tiene el direccionamiento IP correcto est\u00e1tico o din\u00e1mico).<br \/>Debe estar seguro de que el equipo con el cual est\u00e1 realizando la medici\u00f3n no tiene configurada ninguna restricci\u00f3n o priorizaci\u00f3n de tr\u00e1fico.<br \/>Se debe verificar que no se est\u00e9 utilizando la conexi\u00f3n para otras aplicaciones o descargas en background (actualizaciones de apps o sistema operativo, sincronizaci\u00f3n con servicios en la nube).<br \/>Tambi\u00e9n considerar que:<\/p><p>La velocidad de acceso a un determinado servidor de pruebas tambi\u00e9n depende del proveedor ISP del sitio que se visita y puede variar en el tiempo. Esto entre otras variables depende de las prestaciones del enlace entre el servidor que aloja el servicio e internet, la cantidad de usuarios realizando prueba en ese momento, entre otras. Por lo cual es importante realizar la medici\u00f3n en por lo menos 2 servidores diferentes.<\/p><p>La velocidad reportada como resultado de la prueba depende de las caracter\u00edsticas y configuraci\u00f3n del dispositivo final ( PC, tel\u00e9fono) usado para tal fin, del enrutador y del consumo de recursos de otras aplicaciones que se encuentren en ejecuci\u00f3n.<\/p><p>El resultado de una conexi\u00f3n tambi\u00e9n se ve afectado por la hora de la prueba, el tr\u00e1fico que exista en las redes de los proveedores Tier 1 y 2 que llevan el tr\u00e1fico a trav\u00e9s de internet.<\/p><p>Si tienes dudas, puedes contactar a soporte t\u00e9cnico al correo <a href=\"mailto:soporte@merunt.com\">soporte@merunt.com<\/a> o comunicarte v\u00eda telef\u00f3nica al n\u00famero +58 (414 )239.51.26<\/p>\t\t\t\t\t\t<\/div>\n\t\t\t\t<\/div>\n\t\t\t\t\t<\/div>\n\t\t\t\t<\/div>\n\t\t\t\t\t\t\t<\/div>\n\t\t","protected":false},"excerpt":{"rendered":"<p>\u00bfC\u00f3mo medir correctamente la capacidad contratada? Al realizar una medici\u00f3n de capacidad entregada mediante un servicio satelital debemos tener en cuenta algunas variables. Seguidamente hacemos un recorrido por los elementos&hellip;<\/p>\n","protected":false},"author":1,"featured_media":0,"parent":0,"menu_order":0,"comment_status":"closed","ping_status":"closed","template":"","meta":{"footnotes":""},"_links":{"self":[{"href":"https:\/\/www.merunt.com.ve\/index.php\/wp-json\/wp\/v2\/pages\/620"}],"collection":[{"href":"https:\/\/www.merunt.com.ve\/index.php\/wp-json\/wp\/v2\/pages"}],"about":[{"href":"https:\/\/www.merunt.com.ve\/index.php\/wp-json\/wp\/v2\/types\/page"}],"author":[{"embeddable":true,"href":"https:\/\/www.merunt.com.ve\/index.php\/wp-json\/wp\/v2\/users\/1"}],"replies":[{"embeddable":true,"href":"https:\/\/www.merunt.com.ve\/index.php\/wp-json\/wp\/v2\/comments?post=620"}],"version-history":[{"count":7,"href":"https:\/\/www.merunt.com.ve\/index.php\/wp-json\/wp\/v2\/pages\/620\/revisions"}],"predecessor-version":[{"id":733,"href":"https:\/\/www.merunt.com.ve\/index.php\/wp-json\/wp\/v2\/pages\/620\/revisions\/733"}],"wp:attachment":[{"href":"https:\/\/www.merunt.com.ve\/index.php\/wp-json\/wp\/v2\/media?parent=620"}],"curies":[{"name":"wp","href":"https:\/\/api.w.org\/{rel}","templated":true}]}}