{"id":614,"date":"2023-07-08T15:07:09","date_gmt":"2023-07-08T15:07:09","guid":{"rendered":"http:\/\/www.merunt.com\/?page_id=614"},"modified":"2023-07-08T19:07:19","modified_gmt":"2023-07-08T19:07:19","slug":"herramientas-de-medicion","status":"publish","type":"page","link":"https:\/\/www.merunt.com\/index.php\/herramientas-de-medicion\/","title":{"rendered":"Herramientas de medici\u00f3n"},"content":{"rendered":"\t\t<div data-elementor-type=\"wp-page\" data-elementor-id=\"614\" class=\"elementor elementor-614\">\n\t\t\t\t\t\t\t<div class=\"elementor-element elementor-element-b0e3fad e-flex e-con-boxed e-con\" data-id=\"b0e3fad\" data-element_type=\"container\" data-settings=\"{&quot;content_width&quot;:&quot;boxed&quot;}\">\n\t\t\t\t\t<div class=\"e-con-inner\">\n\t\t\t\t<div class=\"elementor-element elementor-element-c9797cd elementor-widget elementor-widget-heading\" data-id=\"c9797cd\" data-element_type=\"widget\" data-widget_type=\"heading.default\">\n\t\t\t\t<div class=\"elementor-widget-container\">\n\t\t\t<style>\/*! elementor - v3.14.0 - 18-06-2023 *\/\n.elementor-heading-title{padding:0;margin:0;line-height:1}.elementor-widget-heading .elementor-heading-title[class*=elementor-size-]>a{color:inherit;font-size:inherit;line-height:inherit}.elementor-widget-heading .elementor-heading-title.elementor-size-small{font-size:15px}.elementor-widget-heading .elementor-heading-title.elementor-size-medium{font-size:19px}.elementor-widget-heading .elementor-heading-title.elementor-size-large{font-size:29px}.elementor-widget-heading .elementor-heading-title.elementor-size-xl{font-size:39px}.elementor-widget-heading .elementor-heading-title.elementor-size-xxl{font-size:59px}<\/style><h2 class=\"elementor-heading-title elementor-size-default\">Herramientas de medici\u00f3n<\/h2>\t\t<\/div>\n\t\t\t\t<\/div>\n\t\t\t\t\t<\/div>\n\t\t\t\t<\/div>\n\t\t<div class=\"elementor-element elementor-element-8670796 e-flex e-con-boxed e-con\" data-id=\"8670796\" data-element_type=\"container\" data-settings=\"{&quot;content_width&quot;:&quot;boxed&quot;}\">\n\t\t\t\t\t<div class=\"e-con-inner\">\n\t\t\t\t<div class=\"elementor-element elementor-element-68a48ed elementor-widget elementor-widget-video\" data-id=\"68a48ed\" data-element_type=\"widget\" data-settings=\"{&quot;video_type&quot;:&quot;hosted&quot;,&quot;autoplay&quot;:&quot;yes&quot;,&quot;play_on_mobile&quot;:&quot;yes&quot;,&quot;controls&quot;:&quot;yes&quot;}\" data-widget_type=\"video.default\">\n\t\t\t\t<div class=\"elementor-widget-container\">\n\t\t\t<style>\/*! elementor - v3.14.0 - 18-06-2023 *\/\n.elementor-widget-video .elementor-widget-container{overflow:hidden;transform:translateZ(0)}.elementor-widget-video .elementor-wrapper{aspect-ratio:var(--video-aspect-ratio)}.elementor-widget-video .elementor-wrapper iframe,.elementor-widget-video .elementor-wrapper video{height:100%;width:100%;display:flex;border:none;background-color:#000}@supports not (aspect-ratio:1\/1){.elementor-widget-video .elementor-wrapper{position:relative;overflow:hidden;height:0;padding-bottom:calc(100% \/ var(--video-aspect-ratio))}.elementor-widget-video .elementor-wrapper iframe,.elementor-widget-video .elementor-wrapper video{position:absolute;top:0;right:0;bottom:0;left:0}}.elementor-widget-video .elementor-open-inline .elementor-custom-embed-image-overlay{position:absolute;top:0;left:0;width:100%;height:100%;background-size:cover;background-position:50%}.elementor-widget-video .elementor-custom-embed-image-overlay{cursor:pointer;text-align:center}.elementor-widget-video .elementor-custom-embed-image-overlay:hover .elementor-custom-embed-play i{opacity:1}.elementor-widget-video .elementor-custom-embed-image-overlay img{display:block;width:100%}.elementor-widget-video .e-hosted-video .elementor-video{-o-object-fit:cover;object-fit:cover}.e-con-inner>.elementor-widget-video,.e-con>.elementor-widget-video{width:var(--container-widget-width);--flex-grow:var(--container-widget-flex-grow)}<\/style>\t\t<div class=\"e-hosted-video elementor-wrapper elementor-open-inline\">\n\t\t\t\t\t<video class=\"elementor-video\" src=\"https:\/\/www.merunt.com\/wp-content\/uploads\/2023\/07\/Meru-2.mp4\" autoplay=\"\" controls=\"\" playsinline=\"\"><\/video>\n\t\t\t\t<\/div>\n\t\t\t\t<\/div>\n\t\t\t\t<\/div>\n\t\t\t\t\t<\/div>\n\t\t\t\t<\/div>\n\t\t<div class=\"elementor-element elementor-element-6b38337 e-flex e-con-boxed e-con\" data-id=\"6b38337\" data-element_type=\"container\" data-settings=\"{&quot;content_width&quot;:&quot;boxed&quot;}\">\n\t\t\t\t\t<div class=\"e-con-inner\">\n\t\t\t\t<div class=\"elementor-element elementor-element-38f73ac elementor-widget elementor-widget-text-editor\" data-id=\"38f73ac\" data-element_type=\"widget\" data-widget_type=\"text-editor.default\">\n\t\t\t\t<div class=\"elementor-widget-container\">\n\t\t\t<style>\/*! elementor - v3.14.0 - 18-06-2023 *\/\n.elementor-widget-text-editor.elementor-drop-cap-view-stacked .elementor-drop-cap{background-color:#69727d;color:#fff}.elementor-widget-text-editor.elementor-drop-cap-view-framed .elementor-drop-cap{color:#69727d;border:3px solid;background-color:transparent}.elementor-widget-text-editor:not(.elementor-drop-cap-view-default) .elementor-drop-cap{margin-top:8px}.elementor-widget-text-editor:not(.elementor-drop-cap-view-default) .elementor-drop-cap-letter{width:1em;height:1em}.elementor-widget-text-editor .elementor-drop-cap{float:left;text-align:center;line-height:1;font-size:50px}.elementor-widget-text-editor .elementor-drop-cap-letter{display:inline-block}<\/style>\t\t\t\t<p>Existen diversas herramientas y sitios web cuyo objetivo es el de realizar pruebas de velocidad.<\/p><p>Es importante saber que hay que hacer una correcta interpretaci\u00f3n de los resultados y adem\u00e1s, entender que ninguno de los servicios tiene la verdad absoluta.<\/p><p>La velocidad es la cantidad de datos que puedes enviar o recibir en un determinado tiempo (segundos), es por esto que la velocidad se mide en \u201cbits por segundos\u201d, los datos viajan desde los contenidos hacia\/desde tus dispositivos, tales como Smartphone, PC, Tablet, entre otros.<\/p><p>Las pruebas de velocidad basan su resultado en medir el tiempo que el usuario necesita para descargar un contenido de tama\u00f1o conocido, a trav\u00e9s de una conexi\u00f3n TCP (Transmisi\u00f3n Control Protocolo), esto se logra dividiendo el tama\u00f1o del contenido a descargar entre el tiempo que tom\u00f3 su descarga, siendo esto una medida meramente referencial.<\/p><p>En Meru Networks, C.A recomendamos usar <a href=\"https:\/\/www.bandwidthplace.com\" target=\"_blank\" rel=\"noopener\">https:\/\/www.bandwidthplace.com<\/a>\/ ya que este servidor toma varias muestras parciales a fin de elegir correctamente el mejor servidor para la prueba seg\u00fan la ubicaci\u00f3n geogr\u00e1fica.<\/p><p>Tambi\u00e9n es posible seleccionar manualmente alguno de los servidores ubicados en distintos pa\u00edses y ciudades. Usando esta metodolog\u00eda se puede estimar el ancho de banda efectivo que llega a la aplicaci\u00f3n, y no el que realmente provee la red que incluye el transporte de todas las cabeceras de enlace, de IP, de TCP entre otras.<\/p><p>Es fundamental tener ciertas consideraciones al momento de realizar las pruebas a fin de que los resultados que arrojen las mismas muestren de forma m\u00e1s precisa la realidad.<\/p><p>Si tienes dudas, puedes contactar a soporte t\u00e9cnico al correo <a href=\"mailto:soporte@merunt.com\">soporte@merunt.com<\/a> o comunicarte v\u00eda telef\u00f3nica al n\u00famero +58 (414 )239.51.26<\/p>\t\t\t\t\t\t<\/div>\n\t\t\t\t<\/div>\n\t\t\t\t\t<\/div>\n\t\t\t\t<\/div>\n\t\t\t\t\t\t\t<\/div>\n\t\t","protected":false},"excerpt":{"rendered":"<p>Herramientas de medici\u00f3n http:\/\/www.merunt.com\/wp-content\/uploads\/2023\/07\/Meru-2.mp4 Existen diversas herramientas y sitios web cuyo objetivo es el de realizar pruebas de velocidad. Es importante saber que hay que hacer una correcta interpretaci\u00f3n de&hellip;<\/p>\n","protected":false},"author":1,"featured_media":0,"parent":0,"menu_order":0,"comment_status":"closed","ping_status":"closed","template":"","meta":{"footnotes":""},"_links":{"self":[{"href":"https:\/\/www.merunt.com.ve\/index.php\/wp-json\/wp\/v2\/pages\/614"}],"collection":[{"href":"https:\/\/www.merunt.com.ve\/index.php\/wp-json\/wp\/v2\/pages"}],"about":[{"href":"https:\/\/www.merunt.com.ve\/index.php\/wp-json\/wp\/v2\/types\/page"}],"author":[{"embeddable":true,"href":"https:\/\/www.merunt.com.ve\/index.php\/wp-json\/wp\/v2\/users\/1"}],"replies":[{"embeddable":true,"href":"https:\/\/www.merunt.com.ve\/index.php\/wp-json\/wp\/v2\/comments?post=614"}],"version-history":[{"count":10,"href":"https:\/\/www.merunt.com.ve\/index.php\/wp-json\/wp\/v2\/pages\/614\/revisions"}],"predecessor-version":[{"id":739,"href":"https:\/\/www.merunt.com.ve\/index.php\/wp-json\/wp\/v2\/pages\/614\/revisions\/739"}],"wp:attachment":[{"href":"https:\/\/www.merunt.com.ve\/index.php\/wp-json\/wp\/v2\/media?parent=614"}],"curies":[{"name":"wp","href":"https:\/\/api.w.org\/{rel}","templated":true}]}}